{"id":16974,"date":"2026-03-03T04:18:04","date_gmt":"2026-03-03T04:18:04","guid":{"rendered":"https:\/\/histyle-furniture.com\/?post_type=product&#038;p=16974"},"modified":"2026-03-03T08:39:04","modified_gmt":"2026-03-03T08:39:04","slug":"tu-ngan-keo-80-t-01-ald","status":"publish","type":"product","link":"https:\/\/mail.histyle-furniture.com\/en\/product\/tu-ngan-keo-80-t-01-ald\/","title":{"rendered":"T\u1ee6 NG\u0102N K\u00c9O 80 T-01 ALD"},"content":{"rendered":"<p>T\u00ean s\u1ea3n ph\u1ea9m : T\u1ee6 NG\u0102N K\u00c9O 80 T-01 ALD<br \/>\nTh\u01b0\u01a1ng hi\u1ec7u : Histyle<br \/>\nXu\u1ea5t x\u1ee9 : Vi\u1ec7t Nam<br \/>\nTi\u00eau chu\u1ea9n xu\u1ea5t kh\u1ea9u Nh\u1eadt B\u1ea3n<br \/>\nCh\u1ea5t li\u1ec7u : g\u1ed7 alder \/ g\u1ed7 cao su \/ g\u1ed7 kiri \/ okal \/ MDF d\u00e1n gi\u1ea5y<br \/>\nK\u00edch th\u01b0\u1edbc (d\u00e0i * r\u1ed9ng * cao) : 800 * 450 * 751 (mm)<\/p>","protected":false},"excerpt":{"rendered":"<p>T\u00ean s\u1ea3n ph\u1ea9m : T\u1ee6 NG\u0102N K\u00c9O 80 T-01 ALD Th\u01b0\u01a1ng hi\u1ec7u : Histyle Xu\u1ea5t x\u1ee9 : Vi\u1ec7t Nam Ti\u00eau chu\u1ea9n xu\u1ea5t [&hellip;]<\/p>","protected":false},"featured_media":16975,"comment_status":"open","ping_status":"closed","template":"","meta":[],"product_cat":[89,390,403,359,211],"product_tag":[316,167],"aioseo_notices":[],"_links":{"self":[{"href":"https:\/\/mail.histyle-furniture.com\/en\/wp-json\/wp\/v2\/product\/16974"}],"collection":[{"href":"https:\/\/mail.histyle-furniture.com\/en\/wp-json\/wp\/v2\/product"}],"about":[{"href":"https:\/\/mail.histyle-furniture.com\/en\/wp-json\/wp\/v2\/types\/product"}],"replies":[{"embeddable":true,"href":"https:\/\/mail.histyle-furniture.com\/en\/wp-json\/wp\/v2\/comments?post=16974"}],"version-history":[{"count":1,"href":"https:\/\/mail.histyle-furniture.com\/en\/wp-json\/wp\/v2\/product\/16974\/revisions"}],"predecessor-version":[{"id":16979,"href":"https:\/\/mail.histyle-furniture.com\/en\/wp-json\/wp\/v2\/product\/16974\/revisions\/16979"}],"wp:featuredmedia":[{"embeddable":true,"href":"https:\/\/mail.histyle-furniture.com\/en\/wp-json\/wp\/v2\/media\/16975"}],"wp:attachment":[{"href":"https:\/\/mail.histyle-furniture.com\/en\/wp-json\/wp\/v2\/media?parent=16974"}],"wp:term":[{"taxonomy":"product_cat","embeddable":true,"href":"https:\/\/mail.histyle-furniture.com\/en\/wp-json\/wp\/v2\/product_cat?post=16974"},{"taxonomy":"product_tag","embeddable":true,"href":"https:\/\/mail.histyle-furniture.com\/en\/wp-json\/wp\/v2\/product_tag?post=16974"}],"curies":[{"name":"wp","href":"https:\/\/api.w.org\/{rel}","templated":true}]}}