{"id":15280,"date":"2024-08-09T09:19:44","date_gmt":"2024-08-09T09:19:44","guid":{"rendered":"https:\/\/histyle-furniture.com\/?post_type=product&#038;p=15280"},"modified":"2025-10-08T06:38:54","modified_gmt":"2025-10-08T06:38:54","slug":"don-sofa-monova-dgy","status":"publish","type":"product","link":"https:\/\/mail.histyle-furniture.com\/en\/product\/don-sofa-monova-dgy\/","title":{"rendered":"\u0110\u00d4N SOFA MONOVA &#8211; DGY"},"content":{"rendered":"<p>T\u00ean s\u1ea3n ph\u1ea9m: \u0110\u00d4N SOFA MONOVA &#8211; DGY<\/p>\n<p>Th\u01b0\u01a1ng hi\u1ec7u: Histyle<\/p>\n<p>Ch\u1ea5t l\u01b0\u1ee3ng: ti\u00eau chu\u1ea9n Nh\u1eadt B\u1ea3n<\/p>\n<p>Ch\u1ea5t li\u1ec7u: v\u1ea3i \/ \u0111\u1ebf g\u1ed7 walnut \/ khung g\u1ed7 t\u1ef1 nhi\u00ean \/ MDF<\/p>\n<p>K\u00edch th\u01b0\u1edbc ( d\u00e0i * r\u1ed9ng * cao) : 710 * 640 * 380 (mm)<\/p>","protected":false},"excerpt":{"rendered":"<p>T\u00ean s\u1ea3n ph\u1ea9m: \u0110\u00d4N SOFA MONOVA &#8211; DGY Th\u01b0\u01a1ng hi\u1ec7u: Histyle Ch\u1ea5t l\u01b0\u1ee3ng: ti\u00eau chu\u1ea9n Nh\u1eadt B\u1ea3n Ch\u1ea5t li\u1ec7u: v\u1ea3i \/ \u0111\u1ebf [&hellip;]<\/p>","protected":false},"featured_media":16236,"comment_status":"open","ping_status":"closed","template":"","meta":[],"product_cat":[15,89,388,393,358,263],"product_tag":[354,166,346],"aioseo_notices":[],"_links":{"self":[{"href":"https:\/\/mail.histyle-furniture.com\/en\/wp-json\/wp\/v2\/product\/15280"}],"collection":[{"href":"https:\/\/mail.histyle-furniture.com\/en\/wp-json\/wp\/v2\/product"}],"about":[{"href":"https:\/\/mail.histyle-furniture.com\/en\/wp-json\/wp\/v2\/types\/product"}],"replies":[{"embeddable":true,"href":"https:\/\/mail.histyle-furniture.com\/en\/wp-json\/wp\/v2\/comments?post=15280"}],"version-history":[{"count":4,"href":"https:\/\/mail.histyle-furniture.com\/en\/wp-json\/wp\/v2\/product\/15280\/revisions"}],"predecessor-version":[{"id":16239,"href":"https:\/\/mail.histyle-furniture.com\/en\/wp-json\/wp\/v2\/product\/15280\/revisions\/16239"}],"wp:featuredmedia":[{"embeddable":true,"href":"https:\/\/mail.histyle-furniture.com\/en\/wp-json\/wp\/v2\/media\/16236"}],"wp:attachment":[{"href":"https:\/\/mail.histyle-furniture.com\/en\/wp-json\/wp\/v2\/media?parent=15280"}],"wp:term":[{"taxonomy":"product_cat","embeddable":true,"href":"https:\/\/mail.histyle-furniture.com\/en\/wp-json\/wp\/v2\/product_cat?post=15280"},{"taxonomy":"product_tag","embeddable":true,"href":"https:\/\/mail.histyle-furniture.com\/en\/wp-json\/wp\/v2\/product_tag?post=15280"}],"curies":[{"name":"wp","href":"https:\/\/api.w.org\/{rel}","templated":true}]}}