{"id":11857,"date":"2023-05-22T01:54:17","date_gmt":"2023-05-22T01:54:17","guid":{"rendered":"https:\/\/histyle-furniture.com\/?post_type=product&#038;p=11857"},"modified":"2025-08-27T08:06:44","modified_gmt":"2025-08-27T08:06:44","slug":"sofa-tre-em-1p-sunday-re","status":"publish","type":"product","link":"https:\/\/mail.histyle-furniture.com\/en\/product\/sofa-tre-em-1p-sunday-re\/","title":{"rendered":"SOFA TR\u1eba EM 1P SUNDAY &#8211; RE"},"content":{"rendered":"<p>SOFA TR\u1eba EM 1P SUNDAY &#8211; NA\/BE<\/p>\n<p>Ch\u1ea5t li\u1ec7u : v\u1ea3i \/ g\u1ed7 oak<\/p>\n<p>K\u00edch th\u01b0\u1edbc (d\u00e0i*r\u1ed9ng*cao) :\u00a0 440 * 420 * 420 (mm)<\/p>\n<p>Kh\u1ed1i l\u01b0\u1ee3ng: 4.7 kg<\/p>\n<p><img loading=\"lazy\" decoding=\"async\" class=\"alignnone wp-image-12461\" src=\"http:\/\/histyle-furniture.com\/wp-content\/uploads\/2023\/05\/JMS1_0001-150x150.jpg\" alt=\"\" width=\"413\" height=\"413\" srcset=\"https:\/\/mail.histyle-furniture.com\/wp-content\/uploads\/2023\/05\/JMS1_0001-150x150.jpg 150w, https:\/\/mail.histyle-furniture.com\/wp-content\/uploads\/2023\/05\/JMS1_0001-420x420.jpg 420w, https:\/\/mail.histyle-furniture.com\/wp-content\/uploads\/2023\/05\/JMS1_0001-100x100.jpg 100w\" sizes=\"(max-width: 413px) 100vw, 413px\" \/><\/p>\n<p>N\u1ed8I DUNG B\u1ea2O H\u00c0NH<\/p>\n<p>S\u1ea3n ph\u1ea9m \u0111\u01b0\u1ee3c b\u1ea3o h\u00e0nh v\u1edbi th\u1eddi h\u1ea1n 02 n\u0103m.<\/p>\n<p>Th\u1eddi h\u1ea1n b\u1ea3o h\u00e0nh \u0111\u01b0\u1ee3c t\u00ednh t\u1eeb ng\u00e0y giao h\u00e0ng. Y\u00eau c\u1ea7u phi\u1ebfu b\u1ea3o h\u00e0nh \u0111\u1ec3 \u0111\u1ed1i chi\u1ebfu.<\/p>\n<p><img loading=\"lazy\" decoding=\"async\" class=\"alignnone wp-image-12462\" src=\"http:\/\/histyle-furniture.com\/wp-content\/uploads\/2023\/05\/JMS1_0007-150x150.jpg\" alt=\"\" width=\"416\" height=\"416\" srcset=\"https:\/\/mail.histyle-furniture.com\/wp-content\/uploads\/2023\/05\/JMS1_0007-150x150.jpg 150w, https:\/\/mail.histyle-furniture.com\/wp-content\/uploads\/2023\/05\/JMS1_0007-420x420.jpg 420w, https:\/\/mail.histyle-furniture.com\/wp-content\/uploads\/2023\/05\/JMS1_0007-100x100.jpg 100w\" sizes=\"(max-width: 416px) 100vw, 416px\" \/><\/p>\n<p>&#8212;&#8212;&#8212;&#8212;&#8212;&#8212;&#8212;&#8212;&#8212;&#8212;&#8212;&#8212;&#8212;&#8212;&#8212;&#8212;&#8212;&#8211;<\/p>\n<p>HISTYLE FURNITURE &#8211; N\u1ed8I TH\u1ea4T NH\u1eacT B\u1ea2N<\/p>\n<p>? \u0110\u1ecba ch\u1ec9 v\u0103n ph\u00f2ng: 52 \u0110\u00f4ng Du, P. B\u1ebfn Ngh\u00e9, Qu\u1eadn 1, TP. H\u1ed3 Ch\u00ed Minh<\/p>\n<p>? \u0110\u1ecba ch\u1ec9 Showroom: 125A C\u1ed9ng Ho\u00e0, Ph\u01b0\u1eddng 12, Qu\u1eadn T\u00e2n B\u00ecnh, TP. H\u1ed3 Ch\u00ed Minh<\/p>\n<p>? Website: https:\/\/histyle-furniture.com\/<\/p>\n<p>\u270d Fanpage: https:\/\/www.facebook.com\/noithathistyle<\/p>\n<p>? Tiktok: https:\/\/www.tiktok.com\/@histyle_furniture?lang=vi-VN<\/p>\n<p>?S\u0110T: 0378 708 738<\/p>\n<p>? Email: furniture.histyle@gmail.com<\/p>","protected":false},"excerpt":{"rendered":"<p>SOFA TR\u1eba EM 1P SUNDAY &#8211; NA\/BE Ch\u1ea5t li\u1ec7u : v\u1ea3i \/ g\u1ed7 oak K\u00edch th\u01b0\u1edbc (d\u00e0i*r\u1ed9ng*cao) :\u00a0 440 * 420 * [&hellip;]<\/p>","protected":false},"featured_media":13739,"comment_status":"open","ping_status":"closed","template":"","meta":[],"product_cat":[412,89,392,358,216,361],"product_tag":[346,349,122],"aioseo_notices":[],"_links":{"self":[{"href":"https:\/\/mail.histyle-furniture.com\/en\/wp-json\/wp\/v2\/product\/11857"}],"collection":[{"href":"https:\/\/mail.histyle-furniture.com\/en\/wp-json\/wp\/v2\/product"}],"about":[{"href":"https:\/\/mail.histyle-furniture.com\/en\/wp-json\/wp\/v2\/types\/product"}],"replies":[{"embeddable":true,"href":"https:\/\/mail.histyle-furniture.com\/en\/wp-json\/wp\/v2\/comments?post=11857"}],"version-history":[{"count":7,"href":"https:\/\/mail.histyle-furniture.com\/en\/wp-json\/wp\/v2\/product\/11857\/revisions"}],"predecessor-version":[{"id":15680,"href":"https:\/\/mail.histyle-furniture.com\/en\/wp-json\/wp\/v2\/product\/11857\/revisions\/15680"}],"wp:featuredmedia":[{"embeddable":true,"href":"https:\/\/mail.histyle-furniture.com\/en\/wp-json\/wp\/v2\/media\/13739"}],"wp:attachment":[{"href":"https:\/\/mail.histyle-furniture.com\/en\/wp-json\/wp\/v2\/media?parent=11857"}],"wp:term":[{"taxonomy":"product_cat","embeddable":true,"href":"https:\/\/mail.histyle-furniture.com\/en\/wp-json\/wp\/v2\/product_cat?post=11857"},{"taxonomy":"product_tag","embeddable":true,"href":"https:\/\/mail.histyle-furniture.com\/en\/wp-json\/wp\/v2\/product_tag?post=11857"}],"curies":[{"name":"wp","href":"https:\/\/api.w.org\/{rel}","templated":true}]}}