{"id":11851,"date":"2023-05-22T01:29:29","date_gmt":"2023-05-22T01:29:29","guid":{"rendered":"https:\/\/histyle-furniture.com\/?post_type=product&#038;p=11851"},"modified":"2025-08-27T08:07:31","modified_gmt":"2025-08-27T08:07:31","slug":"sofa-tre-em-1p-sunday-bl","status":"publish","type":"product","link":"https:\/\/mail.histyle-furniture.com\/en\/product\/sofa-tre-em-1p-sunday-bl\/","title":{"rendered":"SOFA TR\u1eba EM 1P SUNDAY &#8211; BL"},"content":{"rendered":"<p>SOFA TR\u1eba EM 1P SUNDAY &#8211; NA\/BL<\/p>\n<p><span style=\"font-weight: 400\">Ch\u1ea5t li\u1ec7u : v\u1ea3i \/ g\u1ed7 oak\u00a0<\/span><\/p>\n<p><span style=\"font-weight: 400\">K\u00edch th\u01b0\u1edbc (d\u00e0i*r\u1ed9ng*cao) :\u00a0 440 * 420 * 420 (mm)\u00a0<\/span><\/p>\n<p><span style=\"font-weight: 400\">Kh\u1ed1i l\u01b0\u1ee3ng: 4.7 kg\u00a0<\/span><\/p>\n<p><img loading=\"lazy\" decoding=\"async\" class=\"alignnone wp-image-12461\" src=\"http:\/\/histyle-furniture.com\/wp-content\/uploads\/2023\/05\/JMS1_0001-150x150.jpg\" alt=\"\" width=\"421\" height=\"421\" srcset=\"https:\/\/mail.histyle-furniture.com\/wp-content\/uploads\/2023\/05\/JMS1_0001-150x150.jpg 150w, https:\/\/mail.histyle-furniture.com\/wp-content\/uploads\/2023\/05\/JMS1_0001-420x420.jpg 420w, https:\/\/mail.histyle-furniture.com\/wp-content\/uploads\/2023\/05\/JMS1_0001-100x100.jpg 100w\" sizes=\"(max-width: 421px) 100vw, 421px\" \/><\/p>\n<p><span style=\"font-weight: 400\">N\u1ed8I DUNG B\u1ea2O H\u00c0NH<\/span><\/p>\n<p><span style=\"font-weight: 400\">S\u1ea3n ph\u1ea9m \u0111\u01b0\u1ee3c b\u1ea3o h\u00e0nh v\u1edbi th\u1eddi h\u1ea1n 02 n\u0103m.<\/span><\/p>\n<p><span style=\"font-weight: 400\">Th\u1eddi h\u1ea1n <\/span>b\u1ea3o h\u00e0nh \u0111\u01b0\u1ee3c t\u00ednh t\u1eeb ng\u00e0y giao h\u00e0ng. Y\u00eau c\u1ea7u phi\u1ebfu b\u1ea3o h\u00e0nh \u0111\u1ec3 \u0111\u1ed1i chi\u1ebfu.<\/p>\n<p><img loading=\"lazy\" decoding=\"async\" class=\"wp-image-12462 alignnone\" src=\"http:\/\/histyle-furniture.com\/wp-content\/uploads\/2023\/05\/JMS1_0007-150x150.jpg\" alt=\"\" width=\"423\" height=\"423\" srcset=\"https:\/\/mail.histyle-furniture.com\/wp-content\/uploads\/2023\/05\/JMS1_0007-150x150.jpg 150w, https:\/\/mail.histyle-furniture.com\/wp-content\/uploads\/2023\/05\/JMS1_0007-420x420.jpg 420w, https:\/\/mail.histyle-furniture.com\/wp-content\/uploads\/2023\/05\/JMS1_0007-100x100.jpg 100w\" sizes=\"(max-width: 423px) 100vw, 423px\" \/><\/p>\n<p>&#8212;&#8212;&#8212;&#8212;&#8212;&#8212;&#8212;&#8212;&#8212;&#8212;&#8212;&#8212;&#8212;&#8212;&#8212;&#8212;&#8212;&#8211;<\/p>\n<p>HISTYLE FURNITURE &#8211; N\u1ed8I TH\u1ea4T NH\u1eacT B\u1ea2N<\/p>\n<p>? \u0110\u1ecba ch\u1ec9 v\u0103n ph\u00f2ng: 52 \u0110\u00f4ng Du, P. B\u1ebfn Ngh\u00e9, Qu\u1eadn 1, TP. H\u1ed3 Ch\u00ed Minh<\/p>\n<p>? \u0110\u1ecba ch\u1ec9 Showroom: 125A C\u1ed9ng Ho\u00e0, Ph\u01b0\u1eddng 12, Qu\u1eadn T\u00e2n B\u00ecnh, TP. H\u1ed3 Ch\u00ed Minh<\/p>\n<p>? Website: https:\/\/histyle-furniture.com\/<\/p>\n<p>\u270d Fanpage: https:\/\/www.facebook.com\/noithathistyle<\/p>\n<p>? Tiktok: https:\/\/www.tiktok.com\/@histyle_furniture?lang=vi-VN<\/p>\n<p>?S\u0110T: 0378 708 738<\/p>\n<p>? Email: furniture.histyle@gmail.com<\/p>","protected":false},"excerpt":{"rendered":"<p>SOFA TR\u1eba EM 1P SUNDAY &#8211; NA\/BL Ch\u1ea5t li\u1ec7u : v\u1ea3i \/ g\u1ed7 oak\u00a0 K\u00edch th\u01b0\u1edbc (d\u00e0i*r\u1ed9ng*cao) :\u00a0 440 * 420 * [&hellip;]<\/p>","protected":false},"featured_media":13745,"comment_status":"open","ping_status":"closed","template":"","meta":[],"product_cat":[412,89,392,358,216,361],"product_tag":[346,349,122],"aioseo_notices":[],"_links":{"self":[{"href":"https:\/\/mail.histyle-furniture.com\/en\/wp-json\/wp\/v2\/product\/11851"}],"collection":[{"href":"https:\/\/mail.histyle-furniture.com\/en\/wp-json\/wp\/v2\/product"}],"about":[{"href":"https:\/\/mail.histyle-furniture.com\/en\/wp-json\/wp\/v2\/types\/product"}],"replies":[{"embeddable":true,"href":"https:\/\/mail.histyle-furniture.com\/en\/wp-json\/wp\/v2\/comments?post=11851"}],"version-history":[{"count":5,"href":"https:\/\/mail.histyle-furniture.com\/en\/wp-json\/wp\/v2\/product\/11851\/revisions"}],"predecessor-version":[{"id":15682,"href":"https:\/\/mail.histyle-furniture.com\/en\/wp-json\/wp\/v2\/product\/11851\/revisions\/15682"}],"wp:featuredmedia":[{"embeddable":true,"href":"https:\/\/mail.histyle-furniture.com\/en\/wp-json\/wp\/v2\/media\/13745"}],"wp:attachment":[{"href":"https:\/\/mail.histyle-furniture.com\/en\/wp-json\/wp\/v2\/media?parent=11851"}],"wp:term":[{"taxonomy":"product_cat","embeddable":true,"href":"https:\/\/mail.histyle-furniture.com\/en\/wp-json\/wp\/v2\/product_cat?post=11851"},{"taxonomy":"product_tag","embeddable":true,"href":"https:\/\/mail.histyle-furniture.com\/en\/wp-json\/wp\/v2\/product_tag?post=11851"}],"curies":[{"name":"wp","href":"https:\/\/api.w.org\/{rel}","templated":true}]}}