{"id":11735,"date":"2023-05-18T03:23:46","date_gmt":"2023-05-18T03:23:46","guid":{"rendered":"https:\/\/histyle-furniture.com\/?post_type=product&#038;p=11735"},"modified":"2025-08-27T08:12:16","modified_gmt":"2025-08-27T08:12:16","slug":"sofa-tre-em-1p-sunday-or","status":"publish","type":"product","link":"https:\/\/mail.histyle-furniture.com\/en\/product\/sofa-tre-em-1p-sunday-or\/","title":{"rendered":"SOFA TR\u1eba EM 1P SUNDAY &#8211; OR"},"content":{"rendered":"<p>SOFA TR\u1eba EM 1P SUNDAY &#8211; NA\/OR<\/p>\n<p>Ch\u1ea5t li\u1ec7u : v\u1ea3i \/ g\u1ed7 oak<\/p>\n<p>K\u00edch th\u01b0\u1edbc (d\u00e0i*r\u1ed9ng*cao) :\u00a0 440 * 420 * 420 (mm)<\/p>\n<p><img loading=\"lazy\" decoding=\"async\" class=\"wp-image-12461 alignnone\" src=\"http:\/\/histyle-furniture.com\/wp-content\/uploads\/2023\/05\/JMS1_0001-150x150.jpg\" alt=\"\" width=\"391\" height=\"391\" srcset=\"https:\/\/mail.histyle-furniture.com\/wp-content\/uploads\/2023\/05\/JMS1_0001-150x150.jpg 150w, https:\/\/mail.histyle-furniture.com\/wp-content\/uploads\/2023\/05\/JMS1_0001-420x420.jpg 420w, https:\/\/mail.histyle-furniture.com\/wp-content\/uploads\/2023\/05\/JMS1_0001-100x100.jpg 100w\" sizes=\"(max-width: 391px) 100vw, 391px\" \/><\/p>\n<p>Kh\u1ed1i l\u01b0\u1ee3ng: 4.7 kg<\/p>\n<p>N\u1ed8I DUNG B\u1ea2O H\u00c0NH<\/p>\n<p>S\u1ea3n ph\u1ea9m \u0111\u01b0\u1ee3c b\u1ea3o h\u00e0nh v\u1edbi th\u1eddi h\u1ea1n 02 n\u0103m.<\/p>\n<p>Th\u1eddi h\u1ea1n b\u1ea3o h\u00e0nh \u0111\u01b0\u1ee3c t\u00ednh t\u1eeb ng\u00e0y giao h\u00e0ng. Y\u00eau c\u1ea7u phi\u1ebfu b\u1ea3o h\u00e0nh \u0111\u1ec3 \u0111\u1ed1i chi\u1ebfu.<\/p>\n<p><img loading=\"lazy\" decoding=\"async\" class=\"alignnone wp-image-12462\" src=\"http:\/\/histyle-furniture.com\/wp-content\/uploads\/2023\/05\/JMS1_0007-150x150.jpg\" alt=\"\" width=\"401\" height=\"401\" srcset=\"https:\/\/mail.histyle-furniture.com\/wp-content\/uploads\/2023\/05\/JMS1_0007-150x150.jpg 150w, https:\/\/mail.histyle-furniture.com\/wp-content\/uploads\/2023\/05\/JMS1_0007-420x420.jpg 420w, https:\/\/mail.histyle-furniture.com\/wp-content\/uploads\/2023\/05\/JMS1_0007-100x100.jpg 100w\" sizes=\"(max-width: 401px) 100vw, 401px\" \/><\/p>\n<p><a href=\"https:\/\/www.facebook.com\/noithathistyle\/\"><strong>HISTYLE FURNITURE &#8211; N\u1ed8I TH\u1ea4T NH\u1eacT B\u1ea2N<\/strong><\/a><\/p>\n<p><em>? \u0110\u1ecba ch\u1ec9 v\u0103n ph\u00f2ng: 52 \u0110\u00f4ng Du, P. B\u1ebfn Ngh\u00e9, Qu\u1eadn 1, TP. H\u1ed3 Ch\u00ed Minh<\/em><\/p>\n<p><i><span style=\"font-weight: 400\">? \u0110\u1ecba ch\u1ec9 Showroom: 125A C\u1ed9ng Ho\u00e0, Ph\u01b0\u1eddng 12, Qu\u1eadn T\u00e2n B\u00ecnh, TP. H\u1ed3 Ch\u00ed Minh<\/span><\/i><\/p>\n<p><em>? Trang web:<\/em><a href=\"https:\/\/histyle-furniture.com\/\"> <em>https:\/\/histyle-furniture.com\/<\/em><\/a><em>\u00a0<\/em><\/p>\n<p><em>\u270d Fanpage:<\/em><a href=\"https:\/\/www.facebook.com\/noithathistyle\"> <em>https:\/\/www.facebook.com\/noithathistyle<\/em><\/a><em>\u00a0<\/em><\/p>\n<p><em>? Tiktok:<\/em><a href=\"https:\/\/www.tiktok.com\/@histyle_furniture?lang=vi-VN\"> <em>https:\/\/www.tiktok.com\/@histyle_furniture?lang=vi-VN<\/em><\/a><em>\u00a0<\/em><\/p>\n<p><em>?S\u0110T: 0378 708 738<\/em><\/p>\n<p><em>? Email: Furniture.histyle@gmail.com\u00a0<\/em><\/p>","protected":false},"excerpt":{"rendered":"<p>SOFA TR\u1eba EM 1P SUNDAY &#8211; NA\/OR Ch\u1ea5t li\u1ec7u : v\u1ea3i \/ g\u1ed7 oak K\u00edch th\u01b0\u1edbc (d\u00e0i*r\u1ed9ng*cao) :\u00a0 440 * 420 * [&hellip;]<\/p>","protected":false},"featured_media":13840,"comment_status":"open","ping_status":"closed","template":"","meta":[],"product_cat":[412,89,392,358,216,361],"product_tag":[346,349,122],"aioseo_notices":[],"_links":{"self":[{"href":"https:\/\/mail.histyle-furniture.com\/en\/wp-json\/wp\/v2\/product\/11735"}],"collection":[{"href":"https:\/\/mail.histyle-furniture.com\/en\/wp-json\/wp\/v2\/product"}],"about":[{"href":"https:\/\/mail.histyle-furniture.com\/en\/wp-json\/wp\/v2\/types\/product"}],"replies":[{"embeddable":true,"href":"https:\/\/mail.histyle-furniture.com\/en\/wp-json\/wp\/v2\/comments?post=11735"}],"version-history":[{"count":7,"href":"https:\/\/mail.histyle-furniture.com\/en\/wp-json\/wp\/v2\/product\/11735\/revisions"}],"predecessor-version":[{"id":15700,"href":"https:\/\/mail.histyle-furniture.com\/en\/wp-json\/wp\/v2\/product\/11735\/revisions\/15700"}],"wp:featuredmedia":[{"embeddable":true,"href":"https:\/\/mail.histyle-furniture.com\/en\/wp-json\/wp\/v2\/media\/13840"}],"wp:attachment":[{"href":"https:\/\/mail.histyle-furniture.com\/en\/wp-json\/wp\/v2\/media?parent=11735"}],"wp:term":[{"taxonomy":"product_cat","embeddable":true,"href":"https:\/\/mail.histyle-furniture.com\/en\/wp-json\/wp\/v2\/product_cat?post=11735"},{"taxonomy":"product_tag","embeddable":true,"href":"https:\/\/mail.histyle-furniture.com\/en\/wp-json\/wp\/v2\/product_tag?post=11735"}],"curies":[{"name":"wp","href":"https:\/\/api.w.org\/{rel}","templated":true}]}}