{"id":10375,"date":"2023-05-05T07:46:25","date_gmt":"2023-05-05T07:46:25","guid":{"rendered":"https:\/\/histyle-furniture.com\/?post_type=product&#038;p=10375"},"modified":"2025-10-08T04:28:27","modified_gmt":"2025-10-08T04:28:27","slug":"ban-an-ibuki-mbr","status":"publish","type":"product","link":"https:\/\/mail.histyle-furniture.com\/en\/product\/ban-an-ibuki-mbr\/","title":{"rendered":"B\u00c0N \u0102N IBUKI &#8211; MBR"},"content":{"rendered":"<p>T\u00ean s\u1ea3n ph\u1ea9m : B\u00c0N \u0102N IBUKI &#8211; MBR<br \/>\nTh\u01b0\u01a1ng hi\u1ec7u : Histyle<br \/>\nXu\u1ea5t x\u1ee9 : Vi\u1ec7t Nam<br \/>\nTi\u00eau chu\u1ea9n xu\u1ea5t kh\u1ea9u Nh\u1eadt B\u1ea3n<br \/>\nCh\u1ea5t li\u1ec7u : g\u1ed7 Oak \/ MDF d\u00e1n veneer<br \/>\nM\u00e0u s\u1eafc : Middle Brown<br \/>\nK\u00edch th\u01b0\u1edbc (d\u00e0i * r\u1ed9ng * cao) : 1600 * 900 * 660 (mm)<\/p>","protected":false},"excerpt":{"rendered":"<p>T\u00ean s\u1ea3n ph\u1ea9m : B\u00c0N \u0102N IBUKI &#8211; MBR Th\u01b0\u01a1ng hi\u1ec7u : Histyle Xu\u1ea5t x\u1ee9 : Vi\u1ec7t Nam Ti\u00eau chu\u1ea9n xu\u1ea5t kh\u1ea9u [&hellip;]<\/p>","protected":false},"featured_media":16265,"comment_status":"open","ping_status":"closed","template":"","meta":[],"product_cat":[89,389,397,356,243],"product_tag":[169,171],"aioseo_notices":[],"_links":{"self":[{"href":"https:\/\/mail.histyle-furniture.com\/en\/wp-json\/wp\/v2\/product\/10375"}],"collection":[{"href":"https:\/\/mail.histyle-furniture.com\/en\/wp-json\/wp\/v2\/product"}],"about":[{"href":"https:\/\/mail.histyle-furniture.com\/en\/wp-json\/wp\/v2\/types\/product"}],"replies":[{"embeddable":true,"href":"https:\/\/mail.histyle-furniture.com\/en\/wp-json\/wp\/v2\/comments?post=10375"}],"version-history":[{"count":6,"href":"https:\/\/mail.histyle-furniture.com\/en\/wp-json\/wp\/v2\/product\/10375\/revisions"}],"predecessor-version":[{"id":16206,"href":"https:\/\/mail.histyle-furniture.com\/en\/wp-json\/wp\/v2\/product\/10375\/revisions\/16206"}],"wp:featuredmedia":[{"embeddable":true,"href":"https:\/\/mail.histyle-furniture.com\/en\/wp-json\/wp\/v2\/media\/16265"}],"wp:attachment":[{"href":"https:\/\/mail.histyle-furniture.com\/en\/wp-json\/wp\/v2\/media?parent=10375"}],"wp:term":[{"taxonomy":"product_cat","embeddable":true,"href":"https:\/\/mail.histyle-furniture.com\/en\/wp-json\/wp\/v2\/product_cat?post=10375"},{"taxonomy":"product_tag","embeddable":true,"href":"https:\/\/mail.histyle-furniture.com\/en\/wp-json\/wp\/v2\/product_tag?post=10375"}],"curies":[{"name":"wp","href":"https:\/\/api.w.org\/{rel}","templated":true}]}}