{"id":9843,"date":"2023-04-21T07:57:09","date_gmt":"2023-04-21T07:57:09","guid":{"rendered":"https:\/\/abc.histyle-furniture.com\/?page_id=9843"},"modified":"2024-03-22T07:43:33","modified_gmt":"2024-03-22T07:43:33","slug":"gioi-thieu-cong-ty","status":"publish","type":"page","link":"https:\/\/mail.histyle-furniture.com\/en\/gioi-thieu-cong-ty\/","title":{"rendered":"Gi\u1edbi Thi\u1ec7u C\u00f4ng Ty"},"content":{"rendered":"<div data-elementor-type=\"wp-page\" data-elementor-id=\"9843\" class=\"elementor elementor-9843\">\n\t\t\t\t\t\t\t\t\t<section class=\"elementor-section elementor-top-section elementor-element elementor-element-f838138 elementor-section-boxed elementor-section-height-default elementor-section-height-default\" data-id=\"f838138\" data-element_type=\"section\">\n\t\t\t\t\t\t<div class=\"elementor-container elementor-column-gap-default\">\n\t\t\t\t\t<div class=\"elementor-column elementor-col-100 elementor-top-column elementor-element elementor-element-8345ccd\" data-id=\"8345ccd\" data-element_type=\"column\">\n\t\t\t<div class=\"elementor-widget-wrap elementor-element-populated\">\n\t\t\t\t\t\t\t\t<div class=\"elementor-element elementor-element-d9205bc elementor-widget elementor-widget-text-editor\" data-id=\"d9205bc\" data-element_type=\"widget\" data-widget_type=\"text-editor.default\">\n\t\t\t\t<div class=\"elementor-widget-container\">\n\t\t\t<style>\/*! elementor - v3.13.1 - 09-05-2023 *\/\n.elementor-widget-text-editor.elementor-drop-cap-view-stacked .elementor-drop-cap{background-color:#69727d;color:#fff}.elementor-widget-text-editor.elementor-drop-cap-view-framed .elementor-drop-cap{color:#69727d;border:3px solid;background-color:transparent}.elementor-widget-text-editor:not(.elementor-drop-cap-view-default) .elementor-drop-cap{margin-top:8px}.elementor-widget-text-editor:not(.elementor-drop-cap-view-default) .elementor-drop-cap-letter{width:1em;height:1em}.elementor-widget-text-editor .elementor-drop-cap{float:left;text-align:center;line-height:1;font-size:50px}.elementor-widget-text-editor .elementor-drop-cap-letter{display:inline-block}<\/style>\t\t\t\t<div class=\"mceTemp\"><p><img loading=\"lazy\" decoding=\"async\" class=\"size-full wp-image-13403\" src=\"http:\/\/histyle-furniture.com\/wp-content\/uploads\/2024\/03\/xuong.jpg\" alt=\"\" width=\"1920\" height=\"1080\" srcset=\"https:\/\/mail.histyle-furniture.com\/wp-content\/uploads\/2024\/03\/xuong.jpg 1920w, https:\/\/mail.histyle-furniture.com\/wp-content\/uploads\/2024\/03\/xuong-300x169.jpg 300w, https:\/\/mail.histyle-furniture.com\/wp-content\/uploads\/2024\/03\/xuong-512x288.jpg 512w, https:\/\/mail.histyle-furniture.com\/wp-content\/uploads\/2024\/03\/xuong-768x432.jpg 768w, https:\/\/mail.histyle-furniture.com\/wp-content\/uploads\/2024\/03\/xuong-1536x864.jpg 1536w, https:\/\/mail.histyle-furniture.com\/wp-content\/uploads\/2024\/03\/xuong-18x10.jpg 18w, https:\/\/mail.histyle-furniture.com\/wp-content\/uploads\/2024\/03\/xuong-1000x563.jpg 1000w, https:\/\/mail.histyle-furniture.com\/wp-content\/uploads\/2024\/03\/xuong-230x129.jpg 230w, https:\/\/mail.histyle-furniture.com\/wp-content\/uploads\/2024\/03\/xuong-350x197.jpg 350w, https:\/\/mail.histyle-furniture.com\/wp-content\/uploads\/2024\/03\/xuong-480x270.jpg 480w, https:\/\/mail.histyle-furniture.com\/wp-content\/uploads\/2024\/03\/xuong-800x450.jpg 800w\" sizes=\"(max-width: 1920px) 100vw, 1920px\" \/><\/p><p><strong>\u00a0 \u00a0 \u00a0 \u00a0\u00a0<\/strong><span style=\"font-family: avenir-lt-w01_35-light1475496, sans-serif; font-size: 15px; text-align: center;\"><strong>C\u00f4ng ty TNHH Ch\u1ebf Bi\u1ebfn L\u00e2m S\u1ea3n v\u00e0 Th\u01b0\u01a1ng M\u1ea1i Hi\u1ec3u \u0110\u1ee9c<\/strong> l\u00e0 m\u1ed9t trong nh\u1eefng \u0111\u01a1n v\u1ecb h\u00e0ng \u0111\u1ea7u t\u1ea1i Vi\u1ec7t Nam trong vi\u1ec7c s\u1ea3n xu\u1ea5t v\u00e0 xu\u1ea5t kh\u1ea9u c\u00e1c s\u1ea3n ph\u1ea9m g\u1ed7 n\u1ed9i th\u1ea5t ch\u1ea5t l\u01b0\u1ee3ng cao. C\u00f4ng ty TNHH Ch\u1ebf bi\u1ebfn L\u00e2m s\u1ea3n v\u00e0 Th\u01b0\u01a1ng m\u1ea1i Hi\u1ec3u \u0110\u1ee9c \u0111\u01b0\u1ee3c trang b\u1ecb h\u1ec7 th\u1ed1ng d\u00e2y chuy\u1ec1n m\u00e1y m\u00f3c, thi\u1ebft b\u1ecb v\u00e0 c\u00f4ng ngh\u1ec7 hi\u1ec7n \u0111\u1ea1i, \u0111\u00e1p \u1ee9ng ti\u00eau chu\u1ea9n xu\u1ea5t kh\u1ea9u v\u00e0o th\u1ecb tr\u01b0\u1eddng kh\u00f3 t\u00ednh nh\u1ea5t l\u00e0 Nh\u1eadt B\u1ea3n v\u00e0 c\u00e1c th\u1ecb tr\u01b0\u1eddng l\u1edbn nh\u01b0 M\u1ef9 v\u00e0 c\u00e1c n\u01b0\u1edbc Ch\u00e2u \u00c2u. V\u1edbi h\u1ec7 th\u1ed1ng qu\u1ea3n l\u00fd ch\u1ea5t l\u01b0\u1ee3ng t\u1ed1t, t\u1ea5t c\u1ea3 c\u00e1c c\u00f4ng \u0111o\u1ea1n t\u1eeb thi\u1ebft k\u1ebf ki\u1ec3u d\u00e1ng tr\u00ean b\u1ea3n v\u1ebd \u0111\u1ebfn thao t\u00e1c k\u1ef9 thu\u1eadt t\u1ea1i nh\u00e0 x\u01b0\u1edfng, ki\u1ec3m tra ch\u1ea5t l\u01b0\u1ee3ng t\u1ea1i kh\u00e2u cu\u1ed1i tr\u01b0\u1edbc khi xu\u1ea5t x\u01b0\u1edfng lu\u00f4n \u0111\u01b0\u1ee3c gi\u00e1m s\u00e1t ch\u1eb7t ch\u1ebd b\u1edfi c\u00e1c chuy\u00ean gia n\u01b0\u1edbc ngo\u00e0i.<\/span><\/p><\/div><p><span style=\"font-weight: 600;\">\u00a0 \u00a0 \u00a0 \u00a0 L\u0129nh v\u1ef1c kinh doanh<\/span><\/p><p><span style=\"font-weight: 600;\">\u00a0 \u00a0 \u00a0 <\/span><span style=\"font-weight: 600;\">\u00a0<\/span><span style=\"font-size: 15px; font-family: avenir-lt-w01_35-light1475496, sans-serif; text-align: center;\">L\u1ef1c l\u01b0\u1ee3ng lao \u0111\u1ed9ng c\u1ee7a nh\u00e0 m\u00e1y v\u1edbi h\u01a1n 700 ng\u01b0\u1eddi, bao g\u1ed3m nh\u1eefng chuy\u00ean gia, k\u1ef9 s\u01b0 Nh\u1eadt B\u1ea3n-Th\u00e1i Lan, chuy\u00ean vi\u00ean k\u1ef9 thu\u1eadt gi\u00e0u kinh nghi\u1ec7m c\u00f9ng v\u1edbi c\u00f4ng nh\u00e2n l\u00e0nh ngh\u1ec1 \u0111\u01b0\u1ee3c \u0111\u00e0o t\u1ea1o t\u1ea1i Nh\u1eadt B\u1ea3n\u2026lu\u00f4n s\u1eb5n s\u00e0ng \u0111\u00e1p \u1ee9ng c\u00e1c y\u00eau c\u1ea7u c\u1ee7a kh\u00e1ch h\u00e0ng v\u1ec1 c\u00e1c lo\u1ea1i s\u1ea3n ph\u1ea9m g\u1ed7 cao c\u1ea5p.<\/span><br style=\"font-size: 15px; font-family: avenir-lt-w01_35-light1475496, sans-serif; text-align: center;\" \/><span style=\"font-size: 15px; font-family: avenir-lt-w01_35-light1475496, sans-serif; text-align: center;\">S\u1ea3n ph\u1ea9m c\u1ee7a c\u00f4ng ty \u0111\u01b0\u1ee3c l\u00e0m t\u1eeb c\u00e1c lo\u1ea1i g\u1ed7 r\u1eebng tr\u1ed3ng nh\u01b0: Cao su, tr\u00e0m b\u00f4ng v\u00e0ng \u2026 \u0111\u1ebfn c\u00e1c lo\u1ea1i g\u1ed7 nh\u1eadp kh\u1ea9u nh\u01b0: Oak, Beech, Pine, Alder, Ash\u2026 v\u00e0 c\u00e1c lo\u1ea1i v\u00e1n nh\u01b0: MDF, Okal \u2026S\u1ea3n ph\u1ea9m ch\u1ee7 l\u1ef1c c\u1ee7a c\u00f4ng ty:<\/span><br style=\"font-size: 15px; font-family: avenir-lt-w01_35-light1475496, sans-serif; text-align: center;\" \/><span style=\"font-size: 15px; font-family: avenir-lt-w01_35-light1475496, sans-serif; text-align: center;\">\u00a0 \u2013 B\u00e0n \u0103n, b\u00e0n l\u00e0m vi\u1ec7c, b\u00e0n h\u1ecdc, b\u00e0n cafe b\u1eb1ng g\u1ed7 ..<\/span><br style=\"font-size: 15px; font-family: avenir-lt-w01_35-light1475496, sans-serif; text-align: center;\" \/><span style=\"font-size: 15px; font-family: avenir-lt-w01_35-light1475496, sans-serif; text-align: center;\">\u00a0 \u2013 Sofa<\/span><br style=\"font-size: 15px; font-family: avenir-lt-w01_35-light1475496, sans-serif; text-align: center;\" \/><span style=\"font-size: 15px; font-family: avenir-lt-w01_35-light1475496, sans-serif; text-align: center;\">\u00a0 \u2013 Gh\u1ebf \u0103n, gh\u1ebf l\u00e0m vi\u1ec7c, gh\u1ebf h\u1ecdc, gh\u1ebf ngh\u1ec9 b\u1eb1ng g\u1ed7 ..<\/span><br style=\"font-size: 15px; font-family: avenir-lt-w01_35-light1475496, sans-serif; text-align: center;\" \/><span style=\"font-size: 15px; font-family: avenir-lt-w01_35-light1475496, sans-serif; text-align: center;\">\u00a0 \u2013 C\u00e1c s\u1ea3n ph\u1ea9m n\u1ed9i th\u1ea5t b\u1eb1ng g\u1ed7.<\/span><\/p><div dir=\"auto\">&#8212;&#8212;&#8212;&#8212;&#8212;&#8212;&#8212;&#8212;&#8212;&#8212;&#8212;&#8212;&#8212;&#8212;&#8212;-<\/div><div dir=\"auto\">HISTYLE FURNITURE &#8211; N\u1ed8I TH\u1ea4T NH\u1eacT B\u1ea2N<\/div><div dir=\"auto\">\u0110\u1ecba ch\u1ec9 v\u0103n ph\u00f2ng: 52 \u0110\u00f4ng Du, P. B\u1ebfn Ngh\u00e9, Qu\u1eadn 1, TP. H\u1ed3 Ch\u00ed Minh<\/div><div dir=\"auto\">Website: <a class=\"x1i10hfl xjbqb8w x1ejq31n xd10rxx x1sy0etr x17r0tee x972fbf xcfux6l x1qhh985 xm0m39n x9f619 x1ypdohk xt0psk2 xe8uvvx xdj266r x11i5rnm xat24cr x1mh8g0r xexx8yu x4uap5 x18d9i69 xkhd6sd x16tdsg8 x1hl2dhg xggy1nq x1a2a7pz xt0b8zv x1fey0fg\" tabindex=\"0\" role=\"link\" href=\"https:\/\/histyle-furniture.com\/?fbclid=IwAR1y1N9mQEg2dJXkLtuBJIrVzz9KP8yHgHTcmq1A4iU9kzz6v5UXzHeHOz4\" target=\"_blank\" rel=\"nofollow noopener noreferrer\">https:\/\/histyle-furniture.com\/<\/a><\/div><div dir=\"auto\">Fanpage: <a class=\"x1i10hfl xjbqb8w x1ejq31n xd10rxx x1sy0etr x17r0tee x972fbf xcfux6l x1qhh985 xm0m39n x9f619 x1ypdohk xt0psk2 xe8uvvx xdj266r x11i5rnm xat24cr x1mh8g0r xexx8yu x4uap5 x18d9i69 xkhd6sd x16tdsg8 x1hl2dhg xggy1nq x1a2a7pz xt0b8zv x1fey0fg xo1l8bm\" tabindex=\"0\" role=\"link\" href=\"https:\/\/www.facebook.com\/noithathistyle?__cft__[0]=AZUEEQ6O-tPGWvf9Dmk77hcofnqB4OExSawS8egOqIcyd0NxEoqt6_nprw0xblLGasHxpdWBnyLslKdPhpSIiqqhlxPMdYKN6jSUn1WtJA6slcf3zTVrngTae8sbxw-Jt0Xtu9xH21DPu3kci1ZUuJLpnp0J3kOVFvjBMFX35nNuQ7Q0Ui281YI709LbA-q1Nzc&amp;__tn__=-]K-R\"><span class=\"xt0psk2\">https:\/\/www.facebook.com\/noithathistyle<\/span><\/a><\/div><div dir=\"auto\">Tiktok: <a class=\"x1i10hfl xjbqb8w x1ejq31n xd10rxx x1sy0etr x17r0tee x972fbf xcfux6l x1qhh985 xm0m39n x9f619 x1ypdohk xt0psk2 xe8uvvx xdj266r x11i5rnm xat24cr x1mh8g0r xexx8yu x4uap5 x18d9i69 xkhd6sd x16tdsg8 x1hl2dhg xggy1nq x1a2a7pz xt0b8zv x1fey0fg\" tabindex=\"0\" role=\"link\" href=\"https:\/\/www.tiktok.com\/@histyle_furniture?lang=vi-VN&amp;fbclid=IwAR1CdfywM5SUHpSFpgRLqfAXVSOiMVc81EaZm0o5wMy7qYoBS1zjt3rxFeg\" target=\"_blank\" rel=\"nofollow noopener noreferrer\">https:\/\/www.tiktok.com\/@histyle_furniture?lang=vi-VN<\/a><\/div><div dir=\"auto\">S\u0111t\/ Zalo: 0378 708 738<\/div><div dir=\"auto\">Email: furniture.histyle@gmail.com<\/div><p><span style=\"font-size: 15px; font-family: avenir-lt-w01_35-light1475496, sans-serif; text-align: center;\"><img loading=\"lazy\" decoding=\"async\" class=\"alignnone size-full wp-image-13410\" src=\"http:\/\/histyle-furniture.com\/wp-content\/uploads\/2024\/03\/Sequence-02.00_02_54_45.Still003.jpg\" alt=\"\" width=\"1920\" height=\"1080\" srcset=\"https:\/\/mail.histyle-furniture.com\/wp-content\/uploads\/2024\/03\/Sequence-02.00_02_54_45.Still003.jpg 1920w, https:\/\/mail.histyle-furniture.com\/wp-content\/uploads\/2024\/03\/Sequence-02.00_02_54_45.Still003-300x169.jpg 300w, https:\/\/mail.histyle-furniture.com\/wp-content\/uploads\/2024\/03\/Sequence-02.00_02_54_45.Still003-512x288.jpg 512w, https:\/\/mail.histyle-furniture.com\/wp-content\/uploads\/2024\/03\/Sequence-02.00_02_54_45.Still003-768x432.jpg 768w, https:\/\/mail.histyle-furniture.com\/wp-content\/uploads\/2024\/03\/Sequence-02.00_02_54_45.Still003-1536x864.jpg 1536w, https:\/\/mail.histyle-furniture.com\/wp-content\/uploads\/2024\/03\/Sequence-02.00_02_54_45.Still003-18x10.jpg 18w, https:\/\/mail.histyle-furniture.com\/wp-content\/uploads\/2024\/03\/Sequence-02.00_02_54_45.Still003-1000x563.jpg 1000w, https:\/\/mail.histyle-furniture.com\/wp-content\/uploads\/2024\/03\/Sequence-02.00_02_54_45.Still003-230x129.jpg 230w, https:\/\/mail.histyle-furniture.com\/wp-content\/uploads\/2024\/03\/Sequence-02.00_02_54_45.Still003-350x197.jpg 350w, https:\/\/mail.histyle-furniture.com\/wp-content\/uploads\/2024\/03\/Sequence-02.00_02_54_45.Still003-480x270.jpg 480w, https:\/\/mail.histyle-furniture.com\/wp-content\/uploads\/2024\/03\/Sequence-02.00_02_54_45.Still003-800x450.jpg 800w\" sizes=\"(max-width: 1920px) 100vw, 1920px\" \/><\/span><\/p>\t\t\t\t\t\t<\/div>\n\t\t\t\t<\/div>\n\t\t\t\t\t<\/div>\n\t\t<\/div>\n\t\t\t\t\t\t\t<\/div>\n\t\t<\/section>\n\t\t\t\t\t\t\t<\/div>","protected":false},"excerpt":{"rendered":"<p>\u00a0 \u00a0 \u00a0 \u00a0\u00a0C\u00f4ng ty TNHH Ch\u1ebf Bi\u1ebfn L\u00e2m S\u1ea3n v\u00e0 Th\u01b0\u01a1ng M\u1ea1i Hi\u1ec3u \u0110\u1ee9c l\u00e0 m\u1ed9t trong nh\u1eefng \u0111\u01a1n v\u1ecb h\u00e0ng [&hellip;]<\/p>","protected":false},"author":1,"featured_media":0,"parent":0,"menu_order":0,"comment_status":"closed","ping_status":"closed","template":"","meta":{"footnotes":""},"aioseo_notices":[],"_links":{"self":[{"href":"https:\/\/mail.histyle-furniture.com\/en\/wp-json\/wp\/v2\/pages\/9843"}],"collection":[{"href":"https:\/\/mail.histyle-furniture.com\/en\/wp-json\/wp\/v2\/pages"}],"about":[{"href":"https:\/\/mail.histyle-furniture.com\/en\/wp-json\/wp\/v2\/types\/page"}],"author":[{"embeddable":true,"href":"https:\/\/mail.histyle-furniture.com\/en\/wp-json\/wp\/v2\/users\/1"}],"replies":[{"embeddable":true,"href":"https:\/\/mail.histyle-furniture.com\/en\/wp-json\/wp\/v2\/comments?post=9843"}],"version-history":[{"count":32,"href":"https:\/\/mail.histyle-furniture.com\/en\/wp-json\/wp\/v2\/pages\/9843\/revisions"}],"predecessor-version":[{"id":13426,"href":"https:\/\/mail.histyle-furniture.com\/en\/wp-json\/wp\/v2\/pages\/9843\/revisions\/13426"}],"wp:attachment":[{"href":"https:\/\/mail.histyle-furniture.com\/en\/wp-json\/wp\/v2\/media?parent=9843"}],"curies":[{"name":"wp","href":"https:\/\/api.w.org\/{rel}","templated":true}]}}