{"id":10071,"date":"2023-04-26T04:20:36","date_gmt":"2023-04-26T04:20:36","guid":{"rendered":"https:\/\/abc.histyle-furniture.com\/?page_id=10071"},"modified":"2025-07-04T07:08:30","modified_gmt":"2025-07-04T07:08:30","slug":"chinh-sach-giao-hang-va-thanh-toan","status":"publish","type":"page","link":"https:\/\/mail.histyle-furniture.com\/en\/chinh-sach-giao-hang-va-thanh-toan\/","title":{"rendered":"Shipping and Payment Policy"},"content":{"rendered":"<div data-elementor-type=\"wp-page\" data-elementor-id=\"10071\" class=\"elementor elementor-10071\">\n\t\t\t\t\t\t\t\t\t<section class=\"elementor-section elementor-top-section elementor-element elementor-element-468f55a elementor-section-boxed elementor-section-height-default elementor-section-height-default\" data-id=\"468f55a\" data-element_type=\"section\">\n\t\t\t\t\t\t<div class=\"elementor-container elementor-column-gap-default\">\n\t\t\t\t\t<div class=\"elementor-column elementor-col-100 elementor-top-column elementor-element elementor-element-8dfe11a\" data-id=\"8dfe11a\" data-element_type=\"column\">\n\t\t\t<div class=\"elementor-widget-wrap elementor-element-populated\">\n\t\t\t\t\t\t\t\t<div class=\"elementor-element elementor-element-2549e1a elementor-widget elementor-widget-image\" data-id=\"2549e1a\" data-element_type=\"widget\" data-widget_type=\"image.default\">\n\t\t\t\t<div class=\"elementor-widget-container\">\n\t\t\t<style>\/*! elementor - v3.13.1 - 09-05-2023 *\/\n.elementor-widget-image{text-align:center}.elementor-widget-image a{display:inline-block}.elementor-widget-image a img[src$=\".svg\"]{width:48px}.elementor-widget-image img{vertical-align:middle;display:inline-block}<\/style>\t\t\t\t\t\t\t\t\t\t\t\t<img loading=\"lazy\" decoding=\"async\" width=\"1600\" height=\"800\" src=\"https:\/\/mail.histyle-furniture.com\/wp-content\/uploads\/2023\/04\/Factory_0532.jpg\" class=\"attachment-full size-full wp-image-10073\" alt=\"\" srcset=\"https:\/\/mail.histyle-furniture.com\/wp-content\/uploads\/2023\/04\/Factory_0532.jpg 1600w, https:\/\/mail.histyle-furniture.com\/wp-content\/uploads\/2023\/04\/Factory_0532-300x150.jpg 300w, https:\/\/mail.histyle-furniture.com\/wp-content\/uploads\/2023\/04\/Factory_0532-512x256.jpg 512w, https:\/\/mail.histyle-furniture.com\/wp-content\/uploads\/2023\/04\/Factory_0532-768x384.jpg 768w, https:\/\/mail.histyle-furniture.com\/wp-content\/uploads\/2023\/04\/Factory_0532-1536x768.jpg 1536w, https:\/\/mail.histyle-furniture.com\/wp-content\/uploads\/2023\/04\/Factory_0532-18x9.jpg 18w, https:\/\/mail.histyle-furniture.com\/wp-content\/uploads\/2023\/04\/Factory_0532-1000x500.jpg 1000w, https:\/\/mail.histyle-furniture.com\/wp-content\/uploads\/2023\/04\/Factory_0532-230x115.jpg 230w, https:\/\/mail.histyle-furniture.com\/wp-content\/uploads\/2023\/04\/Factory_0532-350x175.jpg 350w, https:\/\/mail.histyle-furniture.com\/wp-content\/uploads\/2023\/04\/Factory_0532-480x240.jpg 480w, https:\/\/mail.histyle-furniture.com\/wp-content\/uploads\/2023\/04\/Factory_0532-800x400.jpg 800w\" sizes=\"(max-width: 1600px) 100vw, 1600px\" \/>\t\t\t\t\t\t\t\t\t\t\t\t\t\t\t<\/div>\n\t\t\t\t<\/div>\n\t\t\t\t<div class=\"elementor-element elementor-element-8603f3b elementor-widget elementor-widget-text-editor\" data-id=\"8603f3b\" data-element_type=\"widget\" data-widget_type=\"text-editor.default\">\n\t\t\t\t<div class=\"elementor-widget-container\">\n\t\t\t<style>\/*! elementor - v3.13.1 - 09-05-2023 *\/\n.elementor-widget-text-editor.elementor-drop-cap-view-stacked .elementor-drop-cap{background-color:#69727d;color:#fff}.elementor-widget-text-editor.elementor-drop-cap-view-framed .elementor-drop-cap{color:#69727d;border:3px solid;background-color:transparent}.elementor-widget-text-editor:not(.elementor-drop-cap-view-default) .elementor-drop-cap{margin-top:8px}.elementor-widget-text-editor:not(.elementor-drop-cap-view-default) .elementor-drop-cap-letter{width:1em;height:1em}.elementor-widget-text-editor .elementor-drop-cap{float:left;text-align:center;line-height:1;font-size:50px}.elementor-widget-text-editor .elementor-drop-cap-letter{display:inline-block}<\/style>\t\t\t\t<p><span style=\"font-weight: 600;\">\u00a0 \u00a0 \u00a0 \u00a0<\/span><span style=\"font-weight: 600;\">\u00a0<\/span><span style=\"font-weight: 600;\">Ch\u00ednh s\u00e1ch giao h\u00e0ng:<\/span><\/p><ul><li><p>\u0110\u01a1n h\u00e0ng t\u1eeb 5.000.000 VN\u0110 tr\u1edf l\u00ean:<br \/>\u2013 Mi\u1ec5n ph\u00ed giao h\u00e0ng trong b\u00e1n k\u00ednh 10km t\u00ednh t\u1eeb:<br \/>\u2003\u2022 Kho Showroom C\u1ed9ng H\u00f2a \u2013 125A C\u1ed9ng H\u00f2a, Ph\u01b0\u1eddng B\u1ea3y Hi\u1ec1n, Tp.H\u1ed3 Ch\u00ed Minh<br \/>\u2003\u2022 Kho C\u00f4ng ty TNHH Ch\u1ebf Bi\u1ebfn L\u00e2m S\u1ea3n v\u00e0 Th\u01b0\u01a1ng M\u1ea1i Hi\u1ec3u \u0110\u1ee9c \u2013 Th\u1eeda \u0111\u1ea5t 1488, t\u1edd b\u1ea3n \u0111\u1ed3 16, khu ph\u1ed1 6, ph\u01b0\u1eddng Th\u1edbi H\u00f2a, Tp.H\u1ed3 Ch\u00ed Minh<\/p><p>\u2013 N\u1ebfu kho\u1ea3ng c\u00e1ch v\u1eadn chuy\u1ec3n v\u01b0\u1ee3t h\u01a1n ph\u1ea1m vi 10km. Qu\u00fd kh\u00e1ch vui l\u00f2ng thanh to\u00e1n th\u00eam ph\u00ed v\u01b0\u1ee3t: 15.000 VN\u0110\/km<\/p><\/li><li>\u0110\u01a1n h\u00e0ng d\u01b0\u1edbi 5.000.000 VN\u0110: \u2013 Qu\u00fd kh\u00e1ch vui l\u00f2ng thanh to\u00e1n ph\u00ed v\u1eadn chuy\u1ec3n theo kho\u1ea3ng c\u00e1ch th\u1ef1c t\u1ebf, t\u00ednh t\u1eeb kho \u0111\u1ebfn \u0111\u1ecba \u0111i\u1ec3m giao h\u00e0ng.<\/li><li>\u0110\u1ed1i v\u1edbi h\u00e0ng c\u00f3 s\u1eb5n t\u1ea1i kho: giao h\u00e0ng trong v\u00f2ng 05 ng\u00e0y l\u00e0m vi\u1ec7c k\u1ec3 t\u1eeb ng\u00e0y nh\u1eadn \u0111\u01a1n h\u00e0ng<\/li><li>\u0110\u1ed1i v\u1edbi h\u00e0ng c\u1ea7n s\u1ea3n xu\u1ea5t: giao h\u00e0ng trong v\u00f2ng 45 ng\u00e0y l\u00e0m vi\u1ec7c k\u1ec3 t\u1eeb ng\u00e0y nh\u1eadn \u0111\u1eb7t c\u1ecdc<\/li><\/ul><div><span style=\"font-weight: 600;\">\u00a0 \u00a0 \u00a0 \u00a0\u00a0<\/span><span style=\"font-weight: 600;\">Ch\u00ednh s\u00e1ch thanh to\u00e1n:<\/span><\/div><ul><li>\u0110\u1ed1i v\u1edbi h\u00e0ng c\u00f3 s\u1eb5n t\u1ea1i kho: chuy\u1ec3n kho\u1ea3n 10% khi giao h\u00e0ng<\/li><li>\u0110\u1ed1i v\u1edbi h\u00e0ng c\u1ea7n s\u1ea3n xu\u1ea5t: \u0111\u1eb7t c\u1ecdc 50% gi\u00e1 tr\u1ecb \u0111\u01a1n h\u00e0ng tr\u01b0\u1edbc khi s\u1ea3n xu\u1ea5t<\/li><\/ul>\t\t\t\t\t\t<\/div>\n\t\t\t\t<\/div>\n\t\t\t\t\t<\/div>\n\t\t<\/div>\n\t\t\t\t\t\t\t<\/div>\n\t\t<\/section>\n\t\t\t\t\t\t\t<\/div>","protected":false},"excerpt":{"rendered":"<p>\u00a0 \u00a0 \u00a0 \u00a0\u00a0Ch\u00ednh s\u00e1ch giao h\u00e0ng: \u0110\u01a1n h\u00e0ng t\u1eeb 5.000.000 VN\u0110 tr\u1edf l\u00ean:\u2013 Mi\u1ec5n ph\u00ed giao h\u00e0ng trong b\u00e1n k\u00ednh 10km [&hellip;]<\/p>","protected":false},"author":1,"featured_media":0,"parent":0,"menu_order":0,"comment_status":"closed","ping_status":"closed","template":"","meta":{"footnotes":""},"aioseo_notices":[],"_links":{"self":[{"href":"https:\/\/mail.histyle-furniture.com\/en\/wp-json\/wp\/v2\/pages\/10071"}],"collection":[{"href":"https:\/\/mail.histyle-furniture.com\/en\/wp-json\/wp\/v2\/pages"}],"about":[{"href":"https:\/\/mail.histyle-furniture.com\/en\/wp-json\/wp\/v2\/types\/page"}],"author":[{"embeddable":true,"href":"https:\/\/mail.histyle-furniture.com\/en\/wp-json\/wp\/v2\/users\/1"}],"replies":[{"embeddable":true,"href":"https:\/\/mail.histyle-furniture.com\/en\/wp-json\/wp\/v2\/comments?post=10071"}],"version-history":[{"count":10,"href":"https:\/\/mail.histyle-furniture.com\/en\/wp-json\/wp\/v2\/pages\/10071\/revisions"}],"predecessor-version":[{"id":15637,"href":"https:\/\/mail.histyle-furniture.com\/en\/wp-json\/wp\/v2\/pages\/10071\/revisions\/15637"}],"wp:attachment":[{"href":"https:\/\/mail.histyle-furniture.com\/en\/wp-json\/wp\/v2\/media?parent=10071"}],"curies":[{"name":"wp","href":"https:\/\/api.w.org\/{rel}","templated":true}]}}