{"id":10064,"date":"2023-04-26T04:14:18","date_gmt":"2023-04-26T04:14:18","guid":{"rendered":"https:\/\/abc.histyle-furniture.com\/?page_id=10064"},"modified":"2025-10-15T09:35:17","modified_gmt":"2025-10-15T09:35:17","slug":"chinh-sach-bao-hanh","status":"publish","type":"page","link":"https:\/\/mail.histyle-furniture.com\/en\/chinh-sach-bao-hanh\/","title":{"rendered":"Warranty Policy"},"content":{"rendered":"<div data-elementor-type=\"wp-page\" data-elementor-id=\"10064\" class=\"elementor elementor-10064\">\n\t\t\t\t\t\t\t\t\t<section class=\"elementor-section elementor-top-section elementor-element elementor-element-92a290f elementor-section-boxed elementor-section-height-default elementor-section-height-default\" data-id=\"92a290f\" data-element_type=\"section\">\n\t\t\t\t\t\t<div class=\"elementor-container elementor-column-gap-default\">\n\t\t\t\t\t<div class=\"elementor-column elementor-col-100 elementor-top-column elementor-element elementor-element-eb097dc\" data-id=\"eb097dc\" data-element_type=\"column\">\n\t\t\t<div class=\"elementor-widget-wrap elementor-element-populated\">\n\t\t\t\t\t\t\t\t<div class=\"elementor-element elementor-element-4601c4f elementor-widget elementor-widget-image\" data-id=\"4601c4f\" data-element_type=\"widget\" data-widget_type=\"image.default\">\n\t\t\t\t<div class=\"elementor-widget-container\">\n\t\t\t<style>\/*! elementor - v3.13.1 - 09-05-2023 *\/\n.elementor-widget-image{text-align:center}.elementor-widget-image a{display:inline-block}.elementor-widget-image a img[src$=\".svg\"]{width:48px}.elementor-widget-image img{vertical-align:middle;display:inline-block}<\/style>\t\t\t\t\t\t\t\t\t\t\t\t<img loading=\"lazy\" decoding=\"async\" width=\"1600\" height=\"800\" src=\"https:\/\/mail.histyle-furniture.com\/wp-content\/uploads\/2023\/04\/IMG_0064-32.jpg\" class=\"attachment-full size-full wp-image-10066\" alt=\"\" srcset=\"https:\/\/mail.histyle-furniture.com\/wp-content\/uploads\/2023\/04\/IMG_0064-32.jpg 1600w, https:\/\/mail.histyle-furniture.com\/wp-content\/uploads\/2023\/04\/IMG_0064-32-300x150.jpg 300w, https:\/\/mail.histyle-furniture.com\/wp-content\/uploads\/2023\/04\/IMG_0064-32-512x256.jpg 512w, https:\/\/mail.histyle-furniture.com\/wp-content\/uploads\/2023\/04\/IMG_0064-32-768x384.jpg 768w, https:\/\/mail.histyle-furniture.com\/wp-content\/uploads\/2023\/04\/IMG_0064-32-1536x768.jpg 1536w, https:\/\/mail.histyle-furniture.com\/wp-content\/uploads\/2023\/04\/IMG_0064-32-18x9.jpg 18w, https:\/\/mail.histyle-furniture.com\/wp-content\/uploads\/2023\/04\/IMG_0064-32-1000x500.jpg 1000w, https:\/\/mail.histyle-furniture.com\/wp-content\/uploads\/2023\/04\/IMG_0064-32-230x115.jpg 230w, https:\/\/mail.histyle-furniture.com\/wp-content\/uploads\/2023\/04\/IMG_0064-32-350x175.jpg 350w, https:\/\/mail.histyle-furniture.com\/wp-content\/uploads\/2023\/04\/IMG_0064-32-480x240.jpg 480w, https:\/\/mail.histyle-furniture.com\/wp-content\/uploads\/2023\/04\/IMG_0064-32-800x400.jpg 800w\" sizes=\"(max-width: 1600px) 100vw, 1600px\" \/>\t\t\t\t\t\t\t\t\t\t\t\t\t\t\t<\/div>\n\t\t\t\t<\/div>\n\t\t\t\t<div class=\"elementor-element elementor-element-eeb6fe6 elementor-widget elementor-widget-heading\" data-id=\"eeb6fe6\" data-element_type=\"widget\" data-widget_type=\"heading.default\">\n\t\t\t\t<div class=\"elementor-widget-container\">\n\t\t\t<style>\/*! elementor - v3.13.1 - 09-05-2023 *\/\n.elementor-heading-title{padding:0;margin:0;line-height:1}.elementor-widget-heading .elementor-heading-title[class*=elementor-size-]>a{color:inherit;font-size:inherit;line-height:inherit}.elementor-widget-heading .elementor-heading-title.elementor-size-small{font-size:15px}.elementor-widget-heading .elementor-heading-title.elementor-size-medium{font-size:19px}.elementor-widget-heading .elementor-heading-title.elementor-size-large{font-size:29px}.elementor-widget-heading .elementor-heading-title.elementor-size-xl{font-size:39px}.elementor-widget-heading .elementor-heading-title.elementor-size-xxl{font-size:59px}<\/style><h2 class=\"elementor-heading-title elementor-size-default\"><h3><strong>CH\u00cdNH S\u00c1CH B\u1ea2O H\u00c0NH S\u1ea2N PH\u1ea8M<\/strong><span style=\"font-size: 30px;\"><\/span><\/h3><\/h2>\t\t<\/div>\n\t\t\t\t<\/div>\n\t\t\t\t<div class=\"elementor-element elementor-element-35bdf48 elementor-widget elementor-widget-text-editor\" data-id=\"35bdf48\" data-element_type=\"widget\" data-widget_type=\"text-editor.default\">\n\t\t\t\t<div class=\"elementor-widget-container\">\n\t\t\t<style>\/*! elementor - v3.13.1 - 09-05-2023 *\/\n.elementor-widget-text-editor.elementor-drop-cap-view-stacked .elementor-drop-cap{background-color:#69727d;color:#fff}.elementor-widget-text-editor.elementor-drop-cap-view-framed .elementor-drop-cap{color:#69727d;border:3px solid;background-color:transparent}.elementor-widget-text-editor:not(.elementor-drop-cap-view-default) .elementor-drop-cap{margin-top:8px}.elementor-widget-text-editor:not(.elementor-drop-cap-view-default) .elementor-drop-cap-letter{width:1em;height:1em}.elementor-widget-text-editor .elementor-drop-cap{float:left;text-align:center;line-height:1;font-size:50px}.elementor-widget-text-editor .elementor-drop-cap-letter{display:inline-block}<\/style>\t\t\t\t<p class=\"MsoNormal\" style=\"text-align: center; line-height: normal; background-image: initial; background-position: initial; background-size: initial; background-repeat: initial; background-attachment: initial; background-origin: initial; background-clip: initial;\" align=\"center\"><span lang=\"vi\" style=\"font-size: 14pt;\">(<i>\u00c1p d\u1ee5ng cho s\u1ea3n ph\u1ea9m \u0111\u1ed3 g\u1ed7 n\u1ed9i th\u1ea5t do HISTYLE FURNITURE cung c\u1ea5p)<\/i><\/span><b><i><\/i><\/b><\/p>\t\t\t\t\t\t<\/div>\n\t\t\t\t<\/div>\n\t\t\t\t<div class=\"elementor-element elementor-element-e02dcc6 elementor-widget elementor-widget-text-editor\" data-id=\"e02dcc6\" data-element_type=\"widget\" data-widget_type=\"text-editor.default\">\n\t\t\t\t<div class=\"elementor-widget-container\">\n\t\t\t\t\t\t\t<p>T\u1ea1i <strong>HISTYLE FURNITURE<\/strong>, ch\u00fang t\u00f4i lu\u00f4n \u0111\u1eb7t <strong>ch\u1ea5t l\u01b0\u1ee3ng s\u1ea3n ph\u1ea9m v\u00e0 s\u1ef1 h\u00e0i l\u00f2ng c\u1ee7a kh\u00e1ch h\u00e0ng<\/strong> l\u00ean h\u00e0ng \u0111\u1ea7u. V\u00ec v\u1eady, t\u1ea5t c\u1ea3 s\u1ea3n ph\u1ea9m n\u1ed9i th\u1ea5t lu\u00f4n \u0111\u01b0\u1ee3c ki\u1ec3m tra nghi\u00eam ng\u1eb7t \u0111\u1ec3 \u0111\u1ea1t ti\u00eau chu\u1ea9n JIS c\u1ee7a Nh\u1eadt B\u1ea3n v\u1ec1 ch\u1ea5t l\u01b0\u1ee3ng v\u00e0 \u0111\u1ed9 b\u1ec1n, \u0111\u1ec1u \u0111\u01b0\u1ee3c \u00e1p d\u1ee5ng <strong>ch\u00ednh s\u00e1ch b\u1ea3o h\u00e0nh r\u00f5 r\u00e0ng, minh b\u1ea1ch.<\/strong><\/p><ol><li><strong>Th\u1eddi h\u1ea1n b\u1ea3o h\u00e0nh: <\/strong><\/li><\/ol><ul><li>Th\u1eddi gian b\u1ea3o h\u00e0nh: <strong>24 th\u00e1ng<\/strong> k\u1ec3 t\u1eeb ng\u00e0y giao h\u00e0ng.<\/li><\/ul><ol start=\"2\"><li><strong>Ph\u1ea1m vi b\u1ea3o h\u00e0nh:<\/strong><\/li><\/ol><p><strong>S\u1ea3n ph\u1ea9m \u0111\u01b0\u1ee3c b\u1ea3o h\u00e0nh trong n\u01b0\u1edbc v\u00e0 thu\u1ed9c c\u00e1c tr\u01b0\u1eddng h\u1ee3p sau:<\/strong><\/p><ul><li>L\u1ed7i k\u1ef9 thu\u1eadt do nh\u00e0 s\u1ea3n xu\u1ea5t: n\u1ee9t, cong v\u00eanh, bung keo, tu\u00f4n v\u00edt, g\u00e3y li\u00ean k\u1ebft khi s\u1eed d\u1ee5ng \u0111\u00fang c\u00e1ch (kh\u00f4ng do n\u01b0\u1edbc \u0111\u1ecdng l\u00e2u ng\u00e0y hay do va \u0111\u1eadp&#8230;).<\/li><li>L\u1ed7i ph\u1ee5 ki\u1ec7n \u0111i k\u00e8m (b\u1ea3n l\u1ec1, ray tr\u01b0\u1ee3t, tay n\u1eafm\u2026) do k\u1ef9 thu\u1eadt ho\u1eb7c v\u1eadt li\u1ec7u.<\/li><li>Bong tr\u00f3c, n\u1ee9t s\u01a1n trong \u0111i\u1ec1u ki\u1ec7n nhi\u1ec7t \u0111\u1ed9 \u2013 \u0111\u1ed9 \u1ea9m th\u00f4ng th\u01b0\u1eddng, phai m\u00e0u b\u1ea5t th\u01b0\u1eddng trong th\u1eddi gian ng\u1eafn (kh\u00f4ng do h\u00f3a ch\u1ea5t m\u1ea1nh, chi\u1ebfu \u0111\u00e8n tr\u1ef1c ti\u1ebfp ho\u1eb7c ph\u01a1i n\u1eafng m\u01b0a&#8230;).<\/li><li>C\u00e1c khuy\u1ebft t\u1eadt kh\u00e1c ph\u00e1t sinh t\u1eeb l\u1ed7i s\u1ea3n xu\u1ea5t.<\/li><\/ul><ol start=\"3\"><li><strong>\u0110i\u1ec1u ki\u1ec7n b\u1ea3o h\u00e0nh:<\/strong><\/li><\/ol><p><strong>\u0110\u1ec3 \u00e1p d\u1ee5ng b\u1ea3o h\u00e0nh, <\/strong><strong>Qu\u00fd kh\u00e1ch<\/strong><strong> vui l\u00f2ng:<\/strong><\/p><ul><li>Xu\u1ea5t tr\u00ecnh phi\u1ebfu b\u1ea3o h\u00e0nh v\u00e0 h\u00f3a \u0111\u01a1n mua h\u00e0ng.<\/li><li>\u0110\u1ea3m b\u1ea3o s\u1ea3n ph\u1ea9m c\u00f2n trong th\u1eddi h\u1ea1n b\u1ea3o h\u00e0nh.<\/li><li>S\u1ea3n ph\u1ea9m \u0111\u01b0\u1ee3c s\u1eed d\u1ee5ng \u0111\u00fang m\u1ee5c \u0111\u00edch, trong m\u00f4i tr\u01b0\u1eddng kh\u00f4 r\u00e1o, tho\u00e1ng m\u00e1t.<\/li><\/ul><ol start=\"4\"><li><strong>C\u00e1c tr\u01b0\u1eddng h\u1ee3p kh\u00f4ng \u00e1p d\u1ee5ng b\u1ea3o h\u00e0nh:<\/strong><\/li><\/ol><ul><li>H\u01b0 h\u1ecfng do s\u1eed d\u1ee5ng sai m\u1ee5c \u0111\u00edch (ng\u1ed3i l\u00ean b\u00e0n, \u0111\u1ec3 v\u1eadt qu\u00e1 t\u1ea3i tr\u1ecdng khuy\u1ebfn ngh\u1ecb 97~110kg v\u1edbi gh\u1ebf, sofa v\u00e0 qu\u00e1 60~80kg ph\u00e2n b\u1ed1 \u0111\u1ec1u v\u1edbi b\u00e0n&#8230;).<\/li><li>S\u1ea3n ph\u1ea9m b\u1ecb \u1ea3nh h\u01b0\u1edfng b\u1edfi c\u00e1c y\u1ebfu t\u1ed1 b\u00ean ngo\u00e0i:<ul><li>\u1ea8m \u01b0\u1edbt, m\u1ed1i m\u1ecdt, n\u1ea5m m\u1ed1c, nhi\u1ec7t \u0111\u1ed9 v\u00e0 \u0111\u1ed9 \u1ea9m thay \u0111\u1ed5i b\u1ea5t th\u01b0\u1eddng.<\/li><li>H\u00f3a ch\u1ea5t, dung m\u00f4i, ch\u1ea5t t\u1ea9y r\u1eeda \u0103n m\u00f2n.<\/li><li>\u00c1nh n\u1eafng, chi\u1ebfu \u0111\u00e8n tr\u1ef1c ti\u1ebfp ho\u1eb7c ngu\u1ed3n nhi\u1ec7t \u0111\u1ed9 cao (b\u1ebfp, l\u00f2 s\u01b0\u1edfi\u2026).<\/li><\/ul><\/li><li>Tr\u1ea7y x\u01b0\u1edbc, bi\u1ebfn d\u1ea1ng do hao m\u00f2n t\u1ef1 nhi\u00ean, n\u1ee9t v\u1ee1 do va ch\u1ea1m c\u01a1 h\u1ecdc qu\u00e1 m\u1ee9c trong qu\u00e1 tr\u00ecnh s\u1eed d\u1ee5ng (k\u00e9o l\u00ea, leo tr\u00e8o, nh\u00fan nh\u1ea3y&#8230;).<\/li><li>S\u1ea3n ph\u1ea9m \u0111\u01b0\u1ee3c l\u1eafp r\u00e1p kh\u00f4ng \u0111\u00fang h\u01b0\u1edbng d\u1eabn, s\u1eed d\u1ee5ng sai c\u00f4ng n\u0103ng thi\u1ebft k\u1ebf ban \u0111\u1ea7u (d\u00f9ng cho n\u01a1i c\u00f4ng c\u1ed9ng kh\u00f4ng \u0111\u00fang c\u00f4ng n\u0103ng n\u1ed9i th\u1ea5t gia \u0111\u00ecnh).<\/li><li>S\u1ea3n ph\u1ea9m \u0111\u00e3 \u0111\u01b0\u1ee3c t\u1ef1 \u00fd s\u1eeda ch\u1eefa, th\u00e1o l\u1eafp, thay \u0111\u1ed5i k\u1ebft c\u1ea5u b\u1edfi b\u00ean th\u1ee9 ba kh\u00f4ng \u0111\u01b0\u1ee3c \u1ee7y quy\u1ec1n.<\/li><li>Qu\u00e1 th\u1eddi h\u1ea1n b\u1ea3o h\u00e0nh.<\/li><li>B\u1ed9 ph\u1eadn kh\u00f4ng thu\u1ed9c di\u1ec7n b\u1ea3o h\u00e0nh g\u1ed3m: v\u1ea3i b\u1ecdc, n\u1ec7m da, g\u1ed1i.<\/li><li><strong>\u0110\u1eb7c bi\u1ec7t, \u0111\u1ed1i v\u1edbi c\u00e1c s\u1ea3n ph\u1ea9m \u0111\u01b0\u1ee3c gi\u1ea3m gi\u00e1 50%, kh\u00f4ng \u00e1p d\u1ee5ng ch\u00ednh s\u00e1ch b\u1ea3o h\u00e0nh v\u00e0 \u0111\u1ed5i \/ tr\u1ea3 s\u1ea3n ph\u1ea9m.<\/strong><\/li><\/ul><ol start=\"5\"><li><strong>H\u00ecnh th\u1ee9c b\u1ea3o h\u00e0nh:<\/strong><\/li><\/ol><ul><li>S\u1eeda ch\u1eefa mi\u1ec5n ph\u00ed: V\u1edbi c\u00e1c h\u01b0 h\u1ecfng nh\u1ecf, c\u00f3 th\u1ec3 kh\u1eafc ph\u1ee5c \u0111\u01b0\u1ee3c.<\/li><li>Thay th\u1ebf ph\u1ee5 ki\u1ec7n: \u0110\u1ed5i m\u1edbi linh ki\u1ec7n\/ph\u1ee5 ki\u1ec7n h\u1ecfng do l\u1ed7i k\u1ef9 thu\u1eadt.<\/li><li>\u0110\u1ed5i s\u1ea3n ph\u1ea9m: N\u1ebfu s\u1ea3n ph\u1ea9m kh\u00f4ng th\u1ec3 s\u1eeda ch\u1eefa.<\/li><li>Kh\u00f4ng ho\u00e0n ti\u1ec1n tr\u1eeb khi c\u00f3 th\u1ecfa thu\u1eadn kh\u00e1c b\u1eb1ng v\u0103n b\u1ea3n.<\/li><\/ul><ol start=\"6\"><li><strong>Quy tr\u00ecnh ti\u1ebfp nh\u1eadn v\u00e0 x\u1eed l\u00fd b\u1ea3o h\u00e0nh:<\/strong><\/li><\/ol><ol><li>Qu\u00fd kh\u00e1ch vui l\u00f2ng li\u00ean h\u1ec7 trung t\u00e2m CSKH\/b\u1ed9 ph\u1eadn b\u1ea3o h\u00e0nh qua s\u1ed1 \u0111i\u1ec7n tho\u1ea1i\/email ghi tr\u00ean phi\u1ebfu.<\/li><li>B\u1ed9 ph\u1eadn k\u1ef9 thu\u1eadt s\u1ebd ki\u1ec3m tra, x\u00e1c \u0111\u1ecbnh nguy\u00ean nh\u00e2n v\u00e0 th\u00f4ng b\u00e1o cho kh\u00e1ch h\u00e0ng.<\/li><li>Th\u1eddi gian x\u1eed l\u00fd: 7\u201315 ng\u00e0y l\u00e0m vi\u1ec7c k\u1ec3 t\u1eeb khi ti\u1ebfp nh\u1eadn (t\u00f9y m\u1ee9c \u0111\u1ed9 h\u01b0 h\u1ecfng).<\/li><li>Tr\u01b0\u1eddng h\u1ee3p c\u1ea7n v\u1eadn chuy\u1ec3n s\u1ea3n ph\u1ea9m v\u1ec1 x\u01b0\u1edfng \u0111\u1ec3 s\u1eeda ch\u1eefa, chi ph\u00ed v\u1eadn chuy\u1ec3n s\u1ebd do:<\/li><\/ol><ul><li>C\u00f4ng ty ch\u1ecbu: n\u1ebfu l\u1ed7i do s\u1ea3n xu\u1ea5t.<\/li><li>Kh\u00e1ch h\u00e0ng ch\u1ecbu: n\u1ebfu h\u1ecfng do s\u1eed d\u1ee5ng sai c\u00e1ch.<\/li><\/ul><ol start=\"7\"><li><strong>D\u1ecbch v\u1ee5 ngo\u00e0i b\u1ea3o h\u00e0nh (c\u00f3 thu ph\u00ed):<\/strong><\/li><\/ol><ul><li>S\u1eeda ch\u1eefa, thay m\u1edbi s\u1ea3n ph\u1ea9m h\u1ebft th\u1eddi h\u1ea1n b\u1ea3o h\u00e0nh.<\/li><li>S\u1eeda ch\u1eefa, thay th\u1ebf trong c\u00e1c tr\u01b0\u1eddng h\u1ee3p h\u01b0 h\u1ecfng do ng\u01b0\u1eddi d\u00f9ng g\u00e2y ra.<\/li><li>N\u00e2ng c\u1ea5p, c\u1ea3i t\u1ea1o s\u1ea3n ph\u1ea9m theo y\u00eau c\u1ea7u ri\u00eang c\u1ee7a kh\u00e1ch h\u00e0ng<\/li><\/ul>\t\t\t\t\t\t<\/div>\n\t\t\t\t<\/div>\n\t\t\t\t<div class=\"elementor-element elementor-element-8cf8796 elementor-widget elementor-widget-heading\" data-id=\"8cf8796\" data-element_type=\"widget\" data-widget_type=\"heading.default\">\n\t\t\t\t<div class=\"elementor-widget-container\">\n\t\t\t<h2 class=\"elementor-heading-title elementor-size-default\"><h3><strong>Cam k\u1ebft c\u1ee7a HISTYLE FURNITURE<\/strong><span style=\"font-size: 30px;\"><\/span><\/h3><\/h2>\t\t<\/div>\n\t\t\t\t<\/div>\n\t\t\t\t<div class=\"elementor-element elementor-element-bc34a0f elementor-widget elementor-widget-text-editor\" data-id=\"bc34a0f\" data-element_type=\"widget\" data-widget_type=\"text-editor.default\">\n\t\t\t\t<div class=\"elementor-widget-container\">\n\t\t\t\t\t\t\tV\u1edbi \u0111\u1ed9i ng\u0169 k\u1ef9 thu\u1eadt chuy\u00ean m\u00f4n cao v\u00e0 quy tr\u00ecnh ch\u0103m s\u00f3c kh\u00e1ch h\u00e0ng t\u1eadn t\u00e2m, <strong>HISTYLE FURNITURE cam k\u1ebft \u0111\u1ed3ng h\u00e0nh c\u00f9ng Qu\u00fd kh\u00e1ch trong su\u1ed1t qu\u00e1 tr\u00ecnh s\u1eed d\u1ee5ng s\u1ea3n ph\u1ea9m<\/strong>, mang \u0111\u1ebfn tr\u1ea3i nghi\u1ec7m ho\u00e0n h\u1ea3o v\u00e0 s\u1ef1 an t\u00e2m tuy\u1ec7t \u0111\u1ed1i v\u1ec1 ch\u1ea5t l\u01b0\u1ee3ng.\t\t\t\t\t\t<\/div>\n\t\t\t\t<\/div>\n\t\t\t\t\t<\/div>\n\t\t<\/div>\n\t\t\t\t\t\t\t<\/div>\n\t\t<\/section>\n\t\t\t\t\t\t\t<\/div>","protected":false},"excerpt":{"rendered":"<p>CH\u00cdNH S\u00c1CH B\u1ea2O H\u00c0NH S\u1ea2N PH\u1ea8M (\u00c1p d\u1ee5ng cho s\u1ea3n ph\u1ea9m \u0111\u1ed3 g\u1ed7 n\u1ed9i th\u1ea5t do HISTYLE FURNITURE cung c\u1ea5p) T\u1ea1i HISTYLE [&hellip;]<\/p>","protected":false},"author":1,"featured_media":0,"parent":0,"menu_order":0,"comment_status":"closed","ping_status":"closed","template":"","meta":{"footnotes":""},"aioseo_notices":[],"_links":{"self":[{"href":"https:\/\/mail.histyle-furniture.com\/en\/wp-json\/wp\/v2\/pages\/10064"}],"collection":[{"href":"https:\/\/mail.histyle-furniture.com\/en\/wp-json\/wp\/v2\/pages"}],"about":[{"href":"https:\/\/mail.histyle-furniture.com\/en\/wp-json\/wp\/v2\/types\/page"}],"author":[{"embeddable":true,"href":"https:\/\/mail.histyle-furniture.com\/en\/wp-json\/wp\/v2\/users\/1"}],"replies":[{"embeddable":true,"href":"https:\/\/mail.histyle-furniture.com\/en\/wp-json\/wp\/v2\/comments?post=10064"}],"version-history":[{"count":40,"href":"https:\/\/mail.histyle-furniture.com\/en\/wp-json\/wp\/v2\/pages\/10064\/revisions"}],"predecessor-version":[{"id":16700,"href":"https:\/\/mail.histyle-furniture.com\/en\/wp-json\/wp\/v2\/pages\/10064\/revisions\/16700"}],"wp:attachment":[{"href":"https:\/\/mail.histyle-furniture.com\/en\/wp-json\/wp\/v2\/media?parent=10064"}],"curies":[{"name":"wp","href":"https:\/\/api.w.org\/{rel}","templated":true}]}}